{"id":197,"date":"2023-11-12T12:59:51","date_gmt":"2023-11-12T16:59:51","guid":{"rendered":"https:\/\/petrocisca.com\/?page_id=197"},"modified":"2023-11-12T13:39:50","modified_gmt":"2023-11-12T17:39:50","slug":"division-quimicos","status":"publish","type":"page","link":"https:\/\/petrocisca.com\/en\/division-quimicos\/","title":{"rendered":"Chemical Division"},"content":{"rendered":"<p class=\"translation-block\">At CISCA, we are positioned in the <strong>oil supply<\/strong> and <strong>service market<\/strong>, we have perfected a diverse range of solutions designed specifically to address the challenges of <strong>controlling asphaltene<\/strong>, <strong>scale<\/strong> and <strong>stabilizers<\/strong> in production fluids.<\/p>\n\n\n\n<p class=\"translation-block\">Our broad portfolio of products and services adapts to a wide spectrum of characteristics and applications in the industry, providing <strong>precise<\/strong> and <strong>effective responses<\/strong> to operational complexities. From asphaltene inhibition to scale management, our solutions are the result of a unique combination of <strong>advanced technical expertise<\/strong> and a <strong>deep understanding<\/strong> of the changing needs of the oil sector.<\/p>\n\n\n\n<p class=\"translation-block\">At CISCA, we are proud to offer <strong>tailored solutions<\/strong> that optimize efficiency and reliability in oil production, ensuring <strong>the continued success<\/strong> of our customers in a dynamic and challenging operating environment.<\/p>\n\n\n\n<div style=\"height:100px\" aria-hidden=\"true\" class=\"wp-block-spacer\"><\/div>\n\n\n\n<div class=\"wp-block-media-text is-stacked-on-mobile\" style=\"grid-template-columns:37% auto\"><figure class=\"wp-block-media-text__media\"><img loading=\"lazy\" decoding=\"async\" width=\"797\" height=\"895\" src=\"https:\/\/petrocisca.com\/wp-content\/uploads\/2023\/11\/petrocisca-demulsifier.png\" alt=\"\" class=\"wp-image-198 size-full\" srcset=\"https:\/\/petrocisca.com\/wp-content\/uploads\/2023\/11\/petrocisca-demulsifier.png 1754w, https:\/\/petrocisca.com\/wp-content\/uploads\/2023\/11\/petrocisca-demulsifier-267x300.png 267w, https:\/\/petrocisca.com\/wp-content\/uploads\/2023\/11\/petrocisca-demulsifier-912x1024.png 912w, https:\/\/petrocisca.com\/wp-content\/uploads\/2023\/11\/petrocisca-demulsifier-768x863.png 768w, https:\/\/petrocisca.com\/wp-content\/uploads\/2023\/11\/petrocisca-demulsifier-1368x1536.png 1368w, https:\/\/petrocisca.com\/wp-content\/uploads\/2023\/11\/petrocisca-demulsifier-11x12.png 11w\" sizes=\"auto, (max-width: 797px) 100vw, 797px\" \/><\/figure><div class=\"wp-block-media-text__content\">\n<h2 class=\"wp-block-heading\">Demulsifiers<\/h2>\n\n\n\n<p class=\"translation-block\">Our <strong>emulsion breakers<\/strong> are designed based on field conditions and fluid characterization to guarantee the development of efficient products capable of offering stability and consistency in the dehydration process.<\/p>\n\n\n\n<p class=\"translation-block\">Support service and redesign of the product injection system is also offered to <strong>optimize consumption<\/strong>, <strong>reduce costs<\/strong>, minimize contingency activities due to out-of-specification crude oil and sharpen the performance of the treatment provided.<\/p>\n\n\n\n<ul class=\"wp-block-list\">\n<li><strong>CWO Series<\/strong><\/li>\n\n\n\n<li><strong>IWOZ Series<\/strong><\/li>\n<\/ul>\n<\/div><\/div>\n\n\n\n<div style=\"height:100px\" aria-hidden=\"true\" class=\"wp-block-spacer\"><\/div>\n\n\n\n<div class=\"wp-block-media-text has-media-on-the-right is-stacked-on-mobile is-image-fill\" style=\"margin-top:0;margin-bottom:0;grid-template-columns:auto 36%\"><div class=\"wp-block-media-text__content\">\n<h2 class=\"wp-block-heading\">Asphaltenes Inhibitor<\/h2>\n\n\n\n<p class=\"translation-block\">Through a thorough analysis of fluids, at CISCA, we create <strong>advanced asphaltenes inhibitors<\/strong> and <strong>dispersants<\/strong> designed to effectively mitigate the accumulation of asphaltenes.<\/p>\n\n\n\n<p class=\"translation-block\">These products go beyond simple prevention, <strong>strengthening the resins<\/strong> present in the fluid to ensure that asphaltenes remain in solution in a sustainable manner.<\/p>\n\n\n\n<p class=\"translation-block\">This approach not only controls deposit formation, but also ensures uniform and consistent dispersion of asphaltenes, thus optimizing <strong>efficiency<\/strong> and <strong>reliability<\/strong> in petroleum operations.<\/p>\n\n\n\n<ul class=\"wp-block-list\">\n<li><strong>FAS Series<\/strong><\/li>\n<\/ul>\n<\/div><figure class=\"wp-block-media-text__media\" style=\"background-image:url(https:\/\/petrocisca.com\/wp-content\/uploads\/2023\/11\/petrocisca-asfalteno-3.jpg);background-position:60% 44%\"><img loading=\"lazy\" decoding=\"async\" width=\"187\" height=\"266\" src=\"https:\/\/petrocisca.com\/wp-content\/uploads\/2023\/11\/petrocisca-asfalteno-3.jpg\" alt=\"\" class=\"wp-image-199 size-full\"\/><\/figure><\/div>\n\n\n\n<div style=\"height:100px\" aria-hidden=\"true\" class=\"wp-block-spacer\"><\/div>\n\n\n\n<div class=\"wp-block-media-text is-stacked-on-mobile is-image-fill\" style=\"grid-template-columns:43% auto\"><figure class=\"wp-block-media-text__media\" style=\"background-image:url(https:\/\/petrocisca.com\/wp-content\/uploads\/2023\/11\/petrocisca-parafinas.jpg);background-position:50% 50%\"><img loading=\"lazy\" decoding=\"async\" width=\"500\" height=\"339\" src=\"https:\/\/petrocisca.com\/wp-content\/uploads\/2023\/11\/petrocisca-parafinas.jpg\" alt=\"\" class=\"wp-image-206 size-full\" srcset=\"https:\/\/petrocisca.com\/wp-content\/uploads\/2023\/11\/petrocisca-parafinas.jpg 500w, https:\/\/petrocisca.com\/wp-content\/uploads\/2023\/11\/petrocisca-parafinas-300x203.jpg 300w\" sizes=\"auto, (max-width: 500px) 100vw, 500px\" \/><\/figure><div class=\"wp-block-media-text__content\">\n<h2 class=\"wp-block-heading\">Paraffin Dispersant<\/h2>\n\n\n\n<p class=\"translation-block\">Designed to optimize operation, our dispersant promotes water wetting on pipes and rock formations, unlocking flow and <strong>reducing paraffin formation<\/strong>.<\/p>\n\n\n\n<p class=\"translation-block\">But that is not all. Our innovative formula keeps paraffin crystals continuously dispersed,\n<strong>avoiding blockages<\/strong> and <strong>ensuring smooth<\/strong>, <strong>uninterrupted performance<\/strong>.<\/p>\n\n\n\n<ul class=\"wp-block-list\">\n<li><strong>PPF Series<\/strong><\/li>\n<\/ul>\n<\/div><\/div>\n\n\n\n<div style=\"height:50px\" aria-hidden=\"true\" class=\"wp-block-spacer\"><\/div>","protected":false},"excerpt":{"rendered":"<p>En CISCA, nos encontramos posicionados en el mercado de servicio y suministro petrolero, hemos perfeccionado una gama diversa de soluciones dise\u00f1adas espec\u00edficamente para abordar los desaf\u00edos del control de asfaltenos, incrustaciones y estabilizantes en fluidos de producci\u00f3n. Nuestra amplia cartera de productos y servicios se adapta a un extenso espectro de caracter\u00edsticas y aplicaciones en [&hellip;]<\/p>\n","protected":false},"author":2,"featured_media":0,"parent":0,"menu_order":0,"comment_status":"closed","ping_status":"closed","template":"","meta":{"footnotes":""},"class_list":["post-197","page","type-page","status-publish","hentry"],"yoast_head":"<!-- This site is optimized with the Yoast SEO plugin v27.1.1 - https:\/\/yoast.com\/product\/yoast-seo-wordpress\/ -->\n<title>Divisi\u00f3n Qu\u00edmicos - Petrocisca<\/title>\n<meta name=\"robots\" content=\"index, follow, max-snippet:-1, max-image-preview:large, max-video-preview:-1\" \/>\n<link rel=\"canonical\" href=\"https:\/\/petrocisca.com\/en\/division-quimicos\/\" \/>\n<meta property=\"og:locale\" content=\"en_US\" \/>\n<meta property=\"og:type\" content=\"article\" \/>\n<meta property=\"og:title\" content=\"Divisi\u00f3n Qu\u00edmicos - Petrocisca\" \/>\n<meta property=\"og:description\" content=\"En CISCA, nos encontramos posicionados en el mercado de servicio y suministro petrolero, hemos perfeccionado una gama diversa de soluciones dise\u00f1adas espec\u00edficamente para abordar los desaf\u00edos del control de asfaltenos, incrustaciones y estabilizantes en fluidos de producci\u00f3n. Nuestra amplia cartera de productos y servicios se adapta a un extenso espectro de caracter\u00edsticas y aplicaciones en [&hellip;]\" \/>\n<meta property=\"og:url\" content=\"https:\/\/petrocisca.com\/en\/division-quimicos\/\" \/>\n<meta property=\"og:site_name\" content=\"Petrocisca\" \/>\n<meta property=\"article:modified_time\" content=\"2023-11-12T17:39:50+00:00\" \/>\n<meta property=\"og:image\" content=\"https:\/\/petrocisca.com\/wp-content\/uploads\/2023\/11\/petrocisca-desemulsificantes.png\" \/>\n<meta name=\"twitter:card\" content=\"summary_large_image\" \/>\n<meta name=\"twitter:label1\" content=\"Est. reading time\" \/>\n\t<meta name=\"twitter:data1\" content=\"3 minutes\" \/>\n<script type=\"application\/ld+json\" class=\"yoast-schema-graph\">{\"@context\":\"https:\/\/schema.org\",\"@graph\":[{\"@type\":\"WebPage\",\"@id\":\"https:\/\/petrocisca.com\/division-quimicos\/\",\"url\":\"https:\/\/petrocisca.com\/division-quimicos\/\",\"name\":\"Divisi\u00f3n Qu\u00edmicos - Petrocisca\",\"isPartOf\":{\"@id\":\"https:\/\/petrocisca.com\/#website\"},\"primaryImageOfPage\":{\"@id\":\"https:\/\/petrocisca.com\/division-quimicos\/#primaryimage\"},\"image\":{\"@id\":\"https:\/\/petrocisca.com\/division-quimicos\/#primaryimage\"},\"thumbnailUrl\":\"https:\/\/petrocisca.com\/wp-content\/uploads\/2023\/11\/petrocisca-desemulsificantes.png\",\"datePublished\":\"2023-11-12T16:59:51+00:00\",\"dateModified\":\"2023-11-12T17:39:50+00:00\",\"breadcrumb\":{\"@id\":\"https:\/\/petrocisca.com\/division-quimicos\/#breadcrumb\"},\"inLanguage\":\"en-US\",\"potentialAction\":[{\"@type\":\"ReadAction\",\"target\":[\"https:\/\/petrocisca.com\/division-quimicos\/\"]}]},{\"@type\":\"ImageObject\",\"inLanguage\":\"en-US\",\"@id\":\"https:\/\/petrocisca.com\/division-quimicos\/#primaryimage\",\"url\":\"https:\/\/petrocisca.com\/wp-content\/uploads\/2023\/11\/petrocisca-desemulsificantes.png\",\"contentUrl\":\"https:\/\/petrocisca.com\/wp-content\/uploads\/2023\/11\/petrocisca-desemulsificantes.png\"},{\"@type\":\"BreadcrumbList\",\"@id\":\"https:\/\/petrocisca.com\/division-quimicos\/#breadcrumb\",\"itemListElement\":[{\"@type\":\"ListItem\",\"position\":1,\"name\":\"Portada\",\"item\":\"https:\/\/petrocisca.com\/\"},{\"@type\":\"ListItem\",\"position\":2,\"name\":\"Divisi\u00f3n Qu\u00edmicos\"}]},{\"@type\":\"WebSite\",\"@id\":\"https:\/\/petrocisca.com\/#website\",\"url\":\"https:\/\/petrocisca.com\/\",\"name\":\"Petrocisca\",\"description\":\"Suministros y tecnolog\u00edas al servicio de la industria petrolera\",\"publisher\":{\"@id\":\"https:\/\/petrocisca.com\/#organization\"},\"potentialAction\":[{\"@type\":\"SearchAction\",\"target\":{\"@type\":\"EntryPoint\",\"urlTemplate\":\"https:\/\/petrocisca.com\/?s={search_term_string}\"},\"query-input\":{\"@type\":\"PropertyValueSpecification\",\"valueRequired\":true,\"valueName\":\"search_term_string\"}}],\"inLanguage\":\"en-US\"},{\"@type\":\"Organization\",\"@id\":\"https:\/\/petrocisca.com\/#organization\",\"name\":\"Petrocisca\",\"url\":\"https:\/\/petrocisca.com\/\",\"logo\":{\"@type\":\"ImageObject\",\"inLanguage\":\"en-US\",\"@id\":\"https:\/\/petrocisca.com\/#\/schema\/logo\/image\/\",\"url\":\"https:\/\/petrocisca.com\/wp-content\/uploads\/2023\/10\/cropped-Petrocisca-P2-1.png\",\"contentUrl\":\"https:\/\/petrocisca.com\/wp-content\/uploads\/2023\/10\/cropped-Petrocisca-P2-1.png\",\"width\":240,\"height\":49,\"caption\":\"Petrocisca\"},\"image\":{\"@id\":\"https:\/\/petrocisca.com\/#\/schema\/logo\/image\/\"}}]}<\/script>\n<!-- \/ Yoast SEO plugin. -->","yoast_head_json":{"title":"Divisi\u00f3n Qu\u00edmicos - Petrocisca","robots":{"index":"index","follow":"follow","max-snippet":"max-snippet:-1","max-image-preview":"max-image-preview:large","max-video-preview":"max-video-preview:-1"},"canonical":"https:\/\/petrocisca.com\/en\/division-quimicos\/","og_locale":"en_US","og_type":"article","og_title":"Divisi\u00f3n Qu\u00edmicos - Petrocisca","og_description":"En CISCA, nos encontramos posicionados en el mercado de servicio y suministro petrolero, hemos perfeccionado una gama diversa de soluciones dise\u00f1adas espec\u00edficamente para abordar los desaf\u00edos del control de asfaltenos, incrustaciones y estabilizantes en fluidos de producci\u00f3n. Nuestra amplia cartera de productos y servicios se adapta a un extenso espectro de caracter\u00edsticas y aplicaciones en [&hellip;]","og_url":"https:\/\/petrocisca.com\/en\/division-quimicos\/","og_site_name":"Petrocisca","article_modified_time":"2023-11-12T17:39:50+00:00","og_image":[{"url":"https:\/\/petrocisca.com\/wp-content\/uploads\/2023\/11\/petrocisca-desemulsificantes.png","type":"","width":"","height":""}],"twitter_card":"summary_large_image","twitter_misc":{"Est. reading time":"3 minutes"},"schema":{"@context":"https:\/\/schema.org","@graph":[{"@type":"WebPage","@id":"https:\/\/petrocisca.com\/division-quimicos\/","url":"https:\/\/petrocisca.com\/division-quimicos\/","name":"Divisi\u00f3n Qu\u00edmicos - Petrocisca","isPartOf":{"@id":"https:\/\/petrocisca.com\/#website"},"primaryImageOfPage":{"@id":"https:\/\/petrocisca.com\/division-quimicos\/#primaryimage"},"image":{"@id":"https:\/\/petrocisca.com\/division-quimicos\/#primaryimage"},"thumbnailUrl":"https:\/\/petrocisca.com\/wp-content\/uploads\/2023\/11\/petrocisca-desemulsificantes.png","datePublished":"2023-11-12T16:59:51+00:00","dateModified":"2023-11-12T17:39:50+00:00","breadcrumb":{"@id":"https:\/\/petrocisca.com\/division-quimicos\/#breadcrumb"},"inLanguage":"en-US","potentialAction":[{"@type":"ReadAction","target":["https:\/\/petrocisca.com\/division-quimicos\/"]}]},{"@type":"ImageObject","inLanguage":"en-US","@id":"https:\/\/petrocisca.com\/division-quimicos\/#primaryimage","url":"https:\/\/petrocisca.com\/wp-content\/uploads\/2023\/11\/petrocisca-desemulsificantes.png","contentUrl":"https:\/\/petrocisca.com\/wp-content\/uploads\/2023\/11\/petrocisca-desemulsificantes.png"},{"@type":"BreadcrumbList","@id":"https:\/\/petrocisca.com\/division-quimicos\/#breadcrumb","itemListElement":[{"@type":"ListItem","position":1,"name":"Portada","item":"https:\/\/petrocisca.com\/"},{"@type":"ListItem","position":2,"name":"Divisi\u00f3n Qu\u00edmicos"}]},{"@type":"WebSite","@id":"https:\/\/petrocisca.com\/#website","url":"https:\/\/petrocisca.com\/","name":"Petrocisca","description":"Suministros y tecnolog\u00edas al servicio de la industria petrolera","publisher":{"@id":"https:\/\/petrocisca.com\/#organization"},"potentialAction":[{"@type":"SearchAction","target":{"@type":"EntryPoint","urlTemplate":"https:\/\/petrocisca.com\/?s={search_term_string}"},"query-input":{"@type":"PropertyValueSpecification","valueRequired":true,"valueName":"search_term_string"}}],"inLanguage":"en-US"},{"@type":"Organization","@id":"https:\/\/petrocisca.com\/#organization","name":"Petrocisca","url":"https:\/\/petrocisca.com\/","logo":{"@type":"ImageObject","inLanguage":"en-US","@id":"https:\/\/petrocisca.com\/#\/schema\/logo\/image\/","url":"https:\/\/petrocisca.com\/wp-content\/uploads\/2023\/10\/cropped-Petrocisca-P2-1.png","contentUrl":"https:\/\/petrocisca.com\/wp-content\/uploads\/2023\/10\/cropped-Petrocisca-P2-1.png","width":240,"height":49,"caption":"Petrocisca"},"image":{"@id":"https:\/\/petrocisca.com\/#\/schema\/logo\/image\/"}}]}},"_links":{"self":[{"href":"https:\/\/petrocisca.com\/en\/wp-json\/wp\/v2\/pages\/197","targetHints":{"allow":["GET"]}}],"collection":[{"href":"https:\/\/petrocisca.com\/en\/wp-json\/wp\/v2\/pages"}],"about":[{"href":"https:\/\/petrocisca.com\/en\/wp-json\/wp\/v2\/types\/page"}],"author":[{"embeddable":true,"href":"https:\/\/petrocisca.com\/en\/wp-json\/wp\/v2\/users\/2"}],"replies":[{"embeddable":true,"href":"https:\/\/petrocisca.com\/en\/wp-json\/wp\/v2\/comments?post=197"}],"version-history":[{"count":6,"href":"https:\/\/petrocisca.com\/en\/wp-json\/wp\/v2\/pages\/197\/revisions"}],"predecessor-version":[{"id":215,"href":"https:\/\/petrocisca.com\/en\/wp-json\/wp\/v2\/pages\/197\/revisions\/215"}],"wp:attachment":[{"href":"https:\/\/petrocisca.com\/en\/wp-json\/wp\/v2\/media?parent=197"}],"curies":[{"name":"wp","href":"https:\/\/api.w.org\/{rel}","templated":true}]}}