{"id":172,"date":"2023-11-12T11:33:26","date_gmt":"2023-11-12T15:33:26","guid":{"rendered":"https:\/\/petrocisca.com\/?page_id=172"},"modified":"2023-11-12T12:08:13","modified_gmt":"2023-11-12T16:08:13","slug":"politicas-cookies","status":"publish","type":"page","link":"https:\/\/petrocisca.com\/en\/politicas-cookies\/","title":{"rendered":"Cookies Policy"},"content":{"rendered":"<h3 class=\"wp-block-heading\">What are cookies?<\/h3>\n\n\n\n<p>A cookie is a file that is downloaded to your computer when you access certain web pages. Cookies allow a website, among other things, to store and retrieve information about the browsing habits of a user or their equipment and, depending on the information they contain and the way you use your equipment, they can be used to recognize to user.<\/p>\n\n\n\n<div style=\"height:30px\" aria-hidden=\"true\" class=\"wp-block-spacer\"><\/div>\n\n\n\n<h3 class=\"wp-block-heading\">What types of cookies does this website use?<\/h3>\n\n\n\n<p class=\"translation-block\"><strong>Analysis cookies<\/strong> \u2013 These are those that, well treated by us or by third parties, allow us to quantify the number of users and thus carry out the measurement and statistical analysis of the use made by users of the service offered. To do this, your navigation on our website is analyzed in order to improve the offer of products or services that we offer.<\/p>\n\n\n\n<div style=\"height:30px\" aria-hidden=\"true\" class=\"wp-block-spacer\"><\/div>\n\n\n\n<h3 class=\"wp-block-heading\">How to disable Cookies<\/h3>\n\n\n\n<p>You can allow, block or delete cookies installed on your computer by configuring the options of the browser installed on your computer.<\/p>\n\n\n\n<p>Below you can access the settings of the most common web browsers to accept, install or deactivate cookies:<\/p>\n\n\n\n<ul class=\"wp-block-list\">\n<li>Firefox<\/li>\n\n\n\n<li>Safari<\/li>\n\n\n\n<li>Google Chrome<\/li>\n<\/ul>\n\n\n\n<div style=\"height:30px\" aria-hidden=\"true\" class=\"wp-block-spacer\"><\/div>\n\n\n\n<h3 class=\"wp-block-heading\">Third Party Cookies<\/h3>\n\n\n\n<p>This website uses third-party services to collect information for statistical and website use purposes.<\/p>","protected":false},"excerpt":{"rendered":"<p>\u00bfQu\u00e9 son las cookies? Una cookie es un fichero que se descarga en su ordenador al acceder a determinadas p\u00e1ginas web. Las cookies permiten a una p\u00e1gina web, entre otras cosas, almacenar y recuperar informaci\u00f3n sobre los h\u00e1bitos de navegaci\u00f3n de un usuario o de su equipo y, dependiendo de la informaci\u00f3n que contengan y [&hellip;]<\/p>\n","protected":false},"author":2,"featured_media":0,"parent":0,"menu_order":0,"comment_status":"closed","ping_status":"closed","template":"","meta":{"footnotes":""},"class_list":["post-172","page","type-page","status-publish","hentry"],"yoast_head":"<!-- This site is optimized with the Yoast SEO plugin v27.1.1 - https:\/\/yoast.com\/product\/yoast-seo-wordpress\/ -->\n<title>Pol\u00edtica de Cookies - Petrocisca<\/title>\n<meta name=\"robots\" content=\"index, follow, max-snippet:-1, max-image-preview:large, max-video-preview:-1\" \/>\n<link rel=\"canonical\" href=\"https:\/\/petrocisca.com\/en\/politicas-cookies\/\" \/>\n<meta property=\"og:locale\" content=\"en_US\" \/>\n<meta property=\"og:type\" content=\"article\" \/>\n<meta property=\"og:title\" content=\"Pol\u00edtica de Cookies - Petrocisca\" \/>\n<meta property=\"og:description\" content=\"\u00bfQu\u00e9 son las cookies? Una cookie es un fichero que se descarga en su ordenador al acceder a determinadas p\u00e1ginas web. Las cookies permiten a una p\u00e1gina web, entre otras cosas, almacenar y recuperar informaci\u00f3n sobre los h\u00e1bitos de navegaci\u00f3n de un usuario o de su equipo y, dependiendo de la informaci\u00f3n que contengan y [&hellip;]\" \/>\n<meta property=\"og:url\" content=\"https:\/\/petrocisca.com\/en\/politicas-cookies\/\" \/>\n<meta property=\"og:site_name\" content=\"Petrocisca\" \/>\n<meta property=\"article:modified_time\" content=\"2023-11-12T16:08:13+00:00\" \/>\n<meta name=\"twitter:card\" content=\"summary_large_image\" \/>\n<meta name=\"twitter:label1\" content=\"Est. reading time\" \/>\n\t<meta name=\"twitter:data1\" content=\"1 minute\" \/>\n<script type=\"application\/ld+json\" class=\"yoast-schema-graph\">{\"@context\":\"https:\/\/schema.org\",\"@graph\":[{\"@type\":\"WebPage\",\"@id\":\"https:\/\/petrocisca.com\/politicas-cookies\/\",\"url\":\"https:\/\/petrocisca.com\/politicas-cookies\/\",\"name\":\"Pol\u00edtica de Cookies - Petrocisca\",\"isPartOf\":{\"@id\":\"https:\/\/petrocisca.com\/#website\"},\"datePublished\":\"2023-11-12T15:33:26+00:00\",\"dateModified\":\"2023-11-12T16:08:13+00:00\",\"breadcrumb\":{\"@id\":\"https:\/\/petrocisca.com\/politicas-cookies\/#breadcrumb\"},\"inLanguage\":\"en-US\",\"potentialAction\":[{\"@type\":\"ReadAction\",\"target\":[\"https:\/\/petrocisca.com\/politicas-cookies\/\"]}]},{\"@type\":\"BreadcrumbList\",\"@id\":\"https:\/\/petrocisca.com\/politicas-cookies\/#breadcrumb\",\"itemListElement\":[{\"@type\":\"ListItem\",\"position\":1,\"name\":\"Portada\",\"item\":\"https:\/\/petrocisca.com\/\"},{\"@type\":\"ListItem\",\"position\":2,\"name\":\"Pol\u00edtica de Cookies\"}]},{\"@type\":\"WebSite\",\"@id\":\"https:\/\/petrocisca.com\/#website\",\"url\":\"https:\/\/petrocisca.com\/\",\"name\":\"Petrocisca\",\"description\":\"Suministros y tecnolog\u00edas al servicio de la industria petrolera\",\"publisher\":{\"@id\":\"https:\/\/petrocisca.com\/#organization\"},\"potentialAction\":[{\"@type\":\"SearchAction\",\"target\":{\"@type\":\"EntryPoint\",\"urlTemplate\":\"https:\/\/petrocisca.com\/?s={search_term_string}\"},\"query-input\":{\"@type\":\"PropertyValueSpecification\",\"valueRequired\":true,\"valueName\":\"search_term_string\"}}],\"inLanguage\":\"en-US\"},{\"@type\":\"Organization\",\"@id\":\"https:\/\/petrocisca.com\/#organization\",\"name\":\"Petrocisca\",\"url\":\"https:\/\/petrocisca.com\/\",\"logo\":{\"@type\":\"ImageObject\",\"inLanguage\":\"en-US\",\"@id\":\"https:\/\/petrocisca.com\/#\/schema\/logo\/image\/\",\"url\":\"https:\/\/petrocisca.com\/wp-content\/uploads\/2023\/10\/cropped-Petrocisca-P2-1.png\",\"contentUrl\":\"https:\/\/petrocisca.com\/wp-content\/uploads\/2023\/10\/cropped-Petrocisca-P2-1.png\",\"width\":240,\"height\":49,\"caption\":\"Petrocisca\"},\"image\":{\"@id\":\"https:\/\/petrocisca.com\/#\/schema\/logo\/image\/\"}}]}<\/script>\n<!-- \/ Yoast SEO plugin. -->","yoast_head_json":{"title":"Pol\u00edtica de Cookies - Petrocisca","robots":{"index":"index","follow":"follow","max-snippet":"max-snippet:-1","max-image-preview":"max-image-preview:large","max-video-preview":"max-video-preview:-1"},"canonical":"https:\/\/petrocisca.com\/en\/politicas-cookies\/","og_locale":"en_US","og_type":"article","og_title":"Pol\u00edtica de Cookies - Petrocisca","og_description":"\u00bfQu\u00e9 son las cookies? Una cookie es un fichero que se descarga en su ordenador al acceder a determinadas p\u00e1ginas web. Las cookies permiten a una p\u00e1gina web, entre otras cosas, almacenar y recuperar informaci\u00f3n sobre los h\u00e1bitos de navegaci\u00f3n de un usuario o de su equipo y, dependiendo de la informaci\u00f3n que contengan y [&hellip;]","og_url":"https:\/\/petrocisca.com\/en\/politicas-cookies\/","og_site_name":"Petrocisca","article_modified_time":"2023-11-12T16:08:13+00:00","twitter_card":"summary_large_image","twitter_misc":{"Est. reading time":"1 minute"},"schema":{"@context":"https:\/\/schema.org","@graph":[{"@type":"WebPage","@id":"https:\/\/petrocisca.com\/politicas-cookies\/","url":"https:\/\/petrocisca.com\/politicas-cookies\/","name":"Pol\u00edtica de Cookies - Petrocisca","isPartOf":{"@id":"https:\/\/petrocisca.com\/#website"},"datePublished":"2023-11-12T15:33:26+00:00","dateModified":"2023-11-12T16:08:13+00:00","breadcrumb":{"@id":"https:\/\/petrocisca.com\/politicas-cookies\/#breadcrumb"},"inLanguage":"en-US","potentialAction":[{"@type":"ReadAction","target":["https:\/\/petrocisca.com\/politicas-cookies\/"]}]},{"@type":"BreadcrumbList","@id":"https:\/\/petrocisca.com\/politicas-cookies\/#breadcrumb","itemListElement":[{"@type":"ListItem","position":1,"name":"Portada","item":"https:\/\/petrocisca.com\/"},{"@type":"ListItem","position":2,"name":"Pol\u00edtica de Cookies"}]},{"@type":"WebSite","@id":"https:\/\/petrocisca.com\/#website","url":"https:\/\/petrocisca.com\/","name":"Petrocisca","description":"Suministros y tecnolog\u00edas al servicio de la industria petrolera","publisher":{"@id":"https:\/\/petrocisca.com\/#organization"},"potentialAction":[{"@type":"SearchAction","target":{"@type":"EntryPoint","urlTemplate":"https:\/\/petrocisca.com\/?s={search_term_string}"},"query-input":{"@type":"PropertyValueSpecification","valueRequired":true,"valueName":"search_term_string"}}],"inLanguage":"en-US"},{"@type":"Organization","@id":"https:\/\/petrocisca.com\/#organization","name":"Petrocisca","url":"https:\/\/petrocisca.com\/","logo":{"@type":"ImageObject","inLanguage":"en-US","@id":"https:\/\/petrocisca.com\/#\/schema\/logo\/image\/","url":"https:\/\/petrocisca.com\/wp-content\/uploads\/2023\/10\/cropped-Petrocisca-P2-1.png","contentUrl":"https:\/\/petrocisca.com\/wp-content\/uploads\/2023\/10\/cropped-Petrocisca-P2-1.png","width":240,"height":49,"caption":"Petrocisca"},"image":{"@id":"https:\/\/petrocisca.com\/#\/schema\/logo\/image\/"}}]}},"_links":{"self":[{"href":"https:\/\/petrocisca.com\/en\/wp-json\/wp\/v2\/pages\/172","targetHints":{"allow":["GET"]}}],"collection":[{"href":"https:\/\/petrocisca.com\/en\/wp-json\/wp\/v2\/pages"}],"about":[{"href":"https:\/\/petrocisca.com\/en\/wp-json\/wp\/v2\/types\/page"}],"author":[{"embeddable":true,"href":"https:\/\/petrocisca.com\/en\/wp-json\/wp\/v2\/users\/2"}],"replies":[{"embeddable":true,"href":"https:\/\/petrocisca.com\/en\/wp-json\/wp\/v2\/comments?post=172"}],"version-history":[{"count":3,"href":"https:\/\/petrocisca.com\/en\/wp-json\/wp\/v2\/pages\/172\/revisions"}],"predecessor-version":[{"id":196,"href":"https:\/\/petrocisca.com\/en\/wp-json\/wp\/v2\/pages\/172\/revisions\/196"}],"wp:attachment":[{"href":"https:\/\/petrocisca.com\/en\/wp-json\/wp\/v2\/media?parent=172"}],"curies":[{"name":"wp","href":"https:\/\/api.w.org\/{rel}","templated":true}]}}