{"id":150,"date":"2023-11-11T16:11:02","date_gmt":"2023-11-11T20:11:02","guid":{"rendered":"https:\/\/petrocisca.com\/?page_id=150"},"modified":"2023-11-12T11:53:51","modified_gmt":"2023-11-12T15:53:51","slug":"la-empresa","status":"publish","type":"page","link":"https:\/\/petrocisca.com\/en\/la-empresa\/","title":{"rendered":"The Company"},"content":{"rendered":"<p class=\"has-medium-font-size translation-block\">The <strong>Corporaci\u00f3n de Inversi\u00f3n Standard, C.A. (CISCA)<\/strong> was created in 2014.<\/p>\n\n\n\n<p class=\"has-medium-font-size translation-block\">Its main reasons are to provide <strong>multidisciplinary services<\/strong> and <strong>supply cutting-edge products<\/strong> aimed at satisfying the needs of the national and international oil sector, with a field of action in the disciplines of: chemistry, Christmas trees, instrumentation, automation and control. We have widely trained and certified personnel in all areas.<\/p>\n\n\n\n<div style=\"height:40px\" aria-hidden=\"true\" class=\"wp-block-spacer\"><\/div>\n\n\n\n<div class=\"wp-block-media-text is-stacked-on-mobile\"><figure class=\"wp-block-media-text__media\"><img loading=\"lazy\" decoding=\"async\" width=\"793\" height=\"1024\" src=\"https:\/\/petrocisca.com\/wp-content\/uploads\/2023\/11\/Quienes-somos-793x1024.png\" alt=\"\" class=\"wp-image-152 size-full\" srcset=\"https:\/\/petrocisca.com\/wp-content\/uploads\/2023\/11\/Quienes-somos-793x1024.png 793w, https:\/\/petrocisca.com\/wp-content\/uploads\/2023\/11\/Quienes-somos-232x300.png 232w, https:\/\/petrocisca.com\/wp-content\/uploads\/2023\/11\/Quienes-somos-768x991.png 768w, https:\/\/petrocisca.com\/wp-content\/uploads\/2023\/11\/Quienes-somos-1190x1536.png 1190w, https:\/\/petrocisca.com\/wp-content\/uploads\/2023\/11\/Quienes-somos.png 1232w\" sizes=\"auto, (max-width: 793px) 100vw, 793px\" \/><\/figure><div class=\"wp-block-media-text__content\">\n<h3 class=\"wp-block-heading\"><strong>Mission<\/strong><\/h3>\n\n\n\n<p>To be the quintessential multidisciplinary company in the provision of services tailored to each of its clients, supplying innovative products that comprehensively meet the needs in various industrial sectors, addressing the most demanding market requirements, and delivering optimal service under the strictest standards of quality and environmental sustainability.<\/p>\n\n\n\n<h3 class=\"wp-block-heading\"><strong>Vision<\/strong><\/h3>\n\n\n\n<p class=\"translation-block\">To be the main multidisciplinary company at a national and international level, complying with the highest levels of quality, with cutting-edge technology and under the slogan: <strong>\u00abwe sell solutions, not just a product\u00bb<\/strong>, guaranteeing the total satisfaction of our customers.<\/p>\n<\/div><\/div>","protected":false},"excerpt":{"rendered":"<p>La Corporaci\u00f3n de Inversi\u00f3n Standard, C.A. (CISCA) fue creada en el a\u00f1o 2014. Sus principales razones son prestar servicios multidisciplinarios y suministrar productos de vanguardia dirigidos a satisfacer las necesidades del sector petrolero nacional e internacional, con campo de acci\u00f3n en las disciplinas de: qu\u00edmica, arboles de navidad, instrumentaci\u00f3n, automatizaci\u00f3n y control. contamos con personal [&hellip;]<\/p>\n","protected":false},"author":2,"featured_media":0,"parent":0,"menu_order":0,"comment_status":"closed","ping_status":"closed","template":"","meta":{"footnotes":""},"class_list":["post-150","page","type-page","status-publish","hentry"],"yoast_head":"<!-- This site is optimized with the Yoast SEO plugin v27.1.1 - https:\/\/yoast.com\/product\/yoast-seo-wordpress\/ -->\n<title>La Empresa - Petrocisca<\/title>\n<meta name=\"robots\" content=\"index, follow, max-snippet:-1, max-image-preview:large, max-video-preview:-1\" \/>\n<link rel=\"canonical\" href=\"https:\/\/petrocisca.com\/en\/la-empresa\/\" \/>\n<meta property=\"og:locale\" content=\"en_US\" \/>\n<meta property=\"og:type\" content=\"article\" \/>\n<meta property=\"og:title\" content=\"La Empresa - Petrocisca\" \/>\n<meta property=\"og:description\" content=\"La Corporaci\u00f3n de Inversi\u00f3n Standard, C.A. (CISCA) fue creada en el a\u00f1o 2014. Sus principales razones son prestar servicios multidisciplinarios y suministrar productos de vanguardia dirigidos a satisfacer las necesidades del sector petrolero nacional e internacional, con campo de acci\u00f3n en las disciplinas de: qu\u00edmica, arboles de navidad, instrumentaci\u00f3n, automatizaci\u00f3n y control. contamos con personal [&hellip;]\" \/>\n<meta property=\"og:url\" content=\"https:\/\/petrocisca.com\/en\/la-empresa\/\" \/>\n<meta property=\"og:site_name\" content=\"Petrocisca\" \/>\n<meta property=\"article:modified_time\" content=\"2023-11-12T15:53:51+00:00\" \/>\n<meta property=\"og:image\" content=\"https:\/\/petrocisca.com\/wp-content\/uploads\/2023\/11\/Quienes-somos-793x1024.png\" \/>\n<meta name=\"twitter:card\" content=\"summary_large_image\" \/>\n<meta name=\"twitter:label1\" content=\"Est. reading time\" \/>\n\t<meta name=\"twitter:data1\" content=\"1 minute\" \/>\n<script type=\"application\/ld+json\" class=\"yoast-schema-graph\">{\"@context\":\"https:\/\/schema.org\",\"@graph\":[{\"@type\":\"WebPage\",\"@id\":\"https:\/\/petrocisca.com\/la-empresa\/\",\"url\":\"https:\/\/petrocisca.com\/la-empresa\/\",\"name\":\"La Empresa - Petrocisca\",\"isPartOf\":{\"@id\":\"https:\/\/petrocisca.com\/#website\"},\"primaryImageOfPage\":{\"@id\":\"https:\/\/petrocisca.com\/la-empresa\/#primaryimage\"},\"image\":{\"@id\":\"https:\/\/petrocisca.com\/la-empresa\/#primaryimage\"},\"thumbnailUrl\":\"https:\/\/petrocisca.com\/wp-content\/uploads\/2023\/11\/Quienes-somos-793x1024.png\",\"datePublished\":\"2023-11-11T20:11:02+00:00\",\"dateModified\":\"2023-11-12T15:53:51+00:00\",\"breadcrumb\":{\"@id\":\"https:\/\/petrocisca.com\/la-empresa\/#breadcrumb\"},\"inLanguage\":\"en-US\",\"potentialAction\":[{\"@type\":\"ReadAction\",\"target\":[\"https:\/\/petrocisca.com\/la-empresa\/\"]}]},{\"@type\":\"ImageObject\",\"inLanguage\":\"en-US\",\"@id\":\"https:\/\/petrocisca.com\/la-empresa\/#primaryimage\",\"url\":\"https:\/\/petrocisca.com\/wp-content\/uploads\/2023\/11\/Quienes-somos-793x1024.png\",\"contentUrl\":\"https:\/\/petrocisca.com\/wp-content\/uploads\/2023\/11\/Quienes-somos-793x1024.png\"},{\"@type\":\"BreadcrumbList\",\"@id\":\"https:\/\/petrocisca.com\/la-empresa\/#breadcrumb\",\"itemListElement\":[{\"@type\":\"ListItem\",\"position\":1,\"name\":\"Portada\",\"item\":\"https:\/\/petrocisca.com\/\"},{\"@type\":\"ListItem\",\"position\":2,\"name\":\"La Empresa\"}]},{\"@type\":\"WebSite\",\"@id\":\"https:\/\/petrocisca.com\/#website\",\"url\":\"https:\/\/petrocisca.com\/\",\"name\":\"Petrocisca\",\"description\":\"Suministros y tecnolog\u00edas al servicio de la industria petrolera\",\"publisher\":{\"@id\":\"https:\/\/petrocisca.com\/#organization\"},\"potentialAction\":[{\"@type\":\"SearchAction\",\"target\":{\"@type\":\"EntryPoint\",\"urlTemplate\":\"https:\/\/petrocisca.com\/?s={search_term_string}\"},\"query-input\":{\"@type\":\"PropertyValueSpecification\",\"valueRequired\":true,\"valueName\":\"search_term_string\"}}],\"inLanguage\":\"en-US\"},{\"@type\":\"Organization\",\"@id\":\"https:\/\/petrocisca.com\/#organization\",\"name\":\"Petrocisca\",\"url\":\"https:\/\/petrocisca.com\/\",\"logo\":{\"@type\":\"ImageObject\",\"inLanguage\":\"en-US\",\"@id\":\"https:\/\/petrocisca.com\/#\/schema\/logo\/image\/\",\"url\":\"https:\/\/petrocisca.com\/wp-content\/uploads\/2023\/10\/cropped-Petrocisca-P2-1.png\",\"contentUrl\":\"https:\/\/petrocisca.com\/wp-content\/uploads\/2023\/10\/cropped-Petrocisca-P2-1.png\",\"width\":240,\"height\":49,\"caption\":\"Petrocisca\"},\"image\":{\"@id\":\"https:\/\/petrocisca.com\/#\/schema\/logo\/image\/\"}}]}<\/script>\n<!-- \/ Yoast SEO plugin. -->","yoast_head_json":{"title":"La Empresa - Petrocisca","robots":{"index":"index","follow":"follow","max-snippet":"max-snippet:-1","max-image-preview":"max-image-preview:large","max-video-preview":"max-video-preview:-1"},"canonical":"https:\/\/petrocisca.com\/en\/la-empresa\/","og_locale":"en_US","og_type":"article","og_title":"La Empresa - Petrocisca","og_description":"La Corporaci\u00f3n de Inversi\u00f3n Standard, C.A. (CISCA) fue creada en el a\u00f1o 2014. Sus principales razones son prestar servicios multidisciplinarios y suministrar productos de vanguardia dirigidos a satisfacer las necesidades del sector petrolero nacional e internacional, con campo de acci\u00f3n en las disciplinas de: qu\u00edmica, arboles de navidad, instrumentaci\u00f3n, automatizaci\u00f3n y control. contamos con personal [&hellip;]","og_url":"https:\/\/petrocisca.com\/en\/la-empresa\/","og_site_name":"Petrocisca","article_modified_time":"2023-11-12T15:53:51+00:00","og_image":[{"url":"https:\/\/petrocisca.com\/wp-content\/uploads\/2023\/11\/Quienes-somos-793x1024.png","type":"","width":"","height":""}],"twitter_card":"summary_large_image","twitter_misc":{"Est. reading time":"1 minute"},"schema":{"@context":"https:\/\/schema.org","@graph":[{"@type":"WebPage","@id":"https:\/\/petrocisca.com\/la-empresa\/","url":"https:\/\/petrocisca.com\/la-empresa\/","name":"La Empresa - Petrocisca","isPartOf":{"@id":"https:\/\/petrocisca.com\/#website"},"primaryImageOfPage":{"@id":"https:\/\/petrocisca.com\/la-empresa\/#primaryimage"},"image":{"@id":"https:\/\/petrocisca.com\/la-empresa\/#primaryimage"},"thumbnailUrl":"https:\/\/petrocisca.com\/wp-content\/uploads\/2023\/11\/Quienes-somos-793x1024.png","datePublished":"2023-11-11T20:11:02+00:00","dateModified":"2023-11-12T15:53:51+00:00","breadcrumb":{"@id":"https:\/\/petrocisca.com\/la-empresa\/#breadcrumb"},"inLanguage":"en-US","potentialAction":[{"@type":"ReadAction","target":["https:\/\/petrocisca.com\/la-empresa\/"]}]},{"@type":"ImageObject","inLanguage":"en-US","@id":"https:\/\/petrocisca.com\/la-empresa\/#primaryimage","url":"https:\/\/petrocisca.com\/wp-content\/uploads\/2023\/11\/Quienes-somos-793x1024.png","contentUrl":"https:\/\/petrocisca.com\/wp-content\/uploads\/2023\/11\/Quienes-somos-793x1024.png"},{"@type":"BreadcrumbList","@id":"https:\/\/petrocisca.com\/la-empresa\/#breadcrumb","itemListElement":[{"@type":"ListItem","position":1,"name":"Portada","item":"https:\/\/petrocisca.com\/"},{"@type":"ListItem","position":2,"name":"La Empresa"}]},{"@type":"WebSite","@id":"https:\/\/petrocisca.com\/#website","url":"https:\/\/petrocisca.com\/","name":"Petrocisca","description":"Suministros y tecnolog\u00edas al servicio de la industria petrolera","publisher":{"@id":"https:\/\/petrocisca.com\/#organization"},"potentialAction":[{"@type":"SearchAction","target":{"@type":"EntryPoint","urlTemplate":"https:\/\/petrocisca.com\/?s={search_term_string}"},"query-input":{"@type":"PropertyValueSpecification","valueRequired":true,"valueName":"search_term_string"}}],"inLanguage":"en-US"},{"@type":"Organization","@id":"https:\/\/petrocisca.com\/#organization","name":"Petrocisca","url":"https:\/\/petrocisca.com\/","logo":{"@type":"ImageObject","inLanguage":"en-US","@id":"https:\/\/petrocisca.com\/#\/schema\/logo\/image\/","url":"https:\/\/petrocisca.com\/wp-content\/uploads\/2023\/10\/cropped-Petrocisca-P2-1.png","contentUrl":"https:\/\/petrocisca.com\/wp-content\/uploads\/2023\/10\/cropped-Petrocisca-P2-1.png","width":240,"height":49,"caption":"Petrocisca"},"image":{"@id":"https:\/\/petrocisca.com\/#\/schema\/logo\/image\/"}}]}},"_links":{"self":[{"href":"https:\/\/petrocisca.com\/en\/wp-json\/wp\/v2\/pages\/150","targetHints":{"allow":["GET"]}}],"collection":[{"href":"https:\/\/petrocisca.com\/en\/wp-json\/wp\/v2\/pages"}],"about":[{"href":"https:\/\/petrocisca.com\/en\/wp-json\/wp\/v2\/types\/page"}],"author":[{"embeddable":true,"href":"https:\/\/petrocisca.com\/en\/wp-json\/wp\/v2\/users\/2"}],"replies":[{"embeddable":true,"href":"https:\/\/petrocisca.com\/en\/wp-json\/wp\/v2\/comments?post=150"}],"version-history":[{"count":1,"href":"https:\/\/petrocisca.com\/en\/wp-json\/wp\/v2\/pages\/150\/revisions"}],"predecessor-version":[{"id":153,"href":"https:\/\/petrocisca.com\/en\/wp-json\/wp\/v2\/pages\/150\/revisions\/153"}],"wp:attachment":[{"href":"https:\/\/petrocisca.com\/en\/wp-json\/wp\/v2\/media?parent=150"}],"curies":[{"name":"wp","href":"https:\/\/api.w.org\/{rel}","templated":true}]}}